{"id":870,"date":"2025-09-03T13:48:30","date_gmt":"2025-09-03T11:48:30","guid":{"rendered":"https:\/\/hotelpuertadelmar.es\/aviso-legal\/"},"modified":"2026-01-13T09:56:50","modified_gmt":"2026-01-13T08:56:50","slug":"aviso-legal","status":"publish","type":"page","link":"https:\/\/hotelpuertadelmar.es\/es\/aviso-legal\/","title":{"rendered":"Aviso Legal"},"content":{"rendered":"\t\t<div data-elementor-type=\"wp-page\" data-elementor-id=\"870\" class=\"elementor elementor-870 elementor-865\" data-elementor-post-type=\"page\">\n\t\t\t\t<div class=\"elementor-element elementor-element-bb07c13 e-con-full e-flex e-con e-parent\" data-id=\"bb07c13\" data-element_type=\"container\" data-settings=\"{&quot;background_background&quot;:&quot;classic&quot;,&quot;background_motion_fx_motion_fx_scrolling&quot;:&quot;yes&quot;,&quot;background_motion_fx_scale_effect&quot;:&quot;yes&quot;,&quot;sticky&quot;:&quot;top&quot;,&quot;background_motion_fx_scale_direction&quot;:&quot;out-in&quot;,&quot;background_motion_fx_scale_speed&quot;:{&quot;unit&quot;:&quot;px&quot;,&quot;size&quot;:4,&quot;sizes&quot;:[]},&quot;background_motion_fx_scale_range&quot;:{&quot;unit&quot;:&quot;%&quot;,&quot;size&quot;:&quot;&quot;,&quot;sizes&quot;:{&quot;start&quot;:20,&quot;end&quot;:80}},&quot;background_motion_fx_devices&quot;:[&quot;desktop&quot;,&quot;tablet&quot;,&quot;mobile&quot;],&quot;sticky_on&quot;:[&quot;desktop&quot;,&quot;tablet&quot;,&quot;mobile&quot;],&quot;sticky_offset&quot;:0,&quot;sticky_effects_offset&quot;:0,&quot;sticky_anchor_link_offset&quot;:0}\">\n\t\t<div class=\"elementor-element elementor-element-6064f82 e-con-full e-flex e-con e-child\" data-id=\"6064f82\" data-element_type=\"container\">\n\t\t<div class=\"elementor-element elementor-element-ae055ee e-con-full e-flex e-con e-child\" data-id=\"ae055ee\" data-element_type=\"container\" data-settings=\"{&quot;background_background&quot;:&quot;classic&quot;,&quot;animation&quot;:&quot;none&quot;}\">\n\t\t<div class=\"elementor-element elementor-element-f92ea66 e-con-full e-flex e-con e-child\" data-id=\"f92ea66\" data-element_type=\"container\" data-settings=\"{&quot;background_background&quot;:&quot;classic&quot;}\">\n\t\t\t\t<div class=\"elementor-element elementor-element-a93f21f elementor-widget elementor-widget-heading\" data-id=\"a93f21f\" data-element_type=\"widget\" data-widget_type=\"heading.default\">\n\t\t\t\t\t<h1 class=\"elementor-heading-title elementor-size-default\">Aviso Legal<\/h1>\t\t\t\t<\/div>\n\t\t\t\t<div class=\"elementor-element elementor-element-245d72e elementor-widget elementor-widget-heading\" data-id=\"245d72e\" data-element_type=\"widget\" data-widget_type=\"heading.default\">\n\t\t\t\t\t<h2 class=\"elementor-heading-title elementor-size-default\">Hostal boutique Aurora<\/h2>\t\t\t\t<\/div>\n\t\t\t\t<\/div>\n\t\t<div class=\"elementor-element elementor-element-25b03f5 elementor-hidden-tablet elementor-hidden-mobile e-con-full e-flex e-con e-child\" data-id=\"25b03f5\" data-element_type=\"container\" data-settings=\"{&quot;background_background&quot;:&quot;classic&quot;}\">\n\t\t\t\t<\/div>\n\t\t\t\t<\/div>\n\t\t\t\t<\/div>\n\t\t\t\t<\/div>\n\t\t\t\t<section class=\"elementor-section elementor-top-section elementor-element elementor-element-4e9aeb4 elementor-section-full_width elementor-section-height-default elementor-section-height-default\" data-id=\"4e9aeb4\" data-element_type=\"section\" data-settings=\"{&quot;background_background&quot;:&quot;classic&quot;}\">\n\t\t\t\t\t\t<div class=\"elementor-container elementor-column-gap-default\">\n\t\t\t\t\t<div class=\"elementor-column elementor-col-100 elementor-top-column elementor-element elementor-element-9a1338e\" data-id=\"9a1338e\" data-element_type=\"column\">\n\t\t\t<div class=\"elementor-widget-wrap elementor-element-populated\">\n\t\t\t\t\t\t<section class=\"elementor-section elementor-inner-section elementor-element elementor-element-b7bed8c elementor-section-full_width elementor-section-height-default elementor-section-height-default elementor-invisible\" data-id=\"b7bed8c\" data-element_type=\"section\" data-settings=\"{&quot;animation&quot;:&quot;fadeInUp&quot;}\">\n\t\t\t\t\t\t<div class=\"elementor-container elementor-column-gap-default\">\n\t\t\t\t\t<div class=\"elementor-column elementor-col-100 elementor-inner-column elementor-element elementor-element-6a507e8\" data-id=\"6a507e8\" data-element_type=\"column\">\n\t\t\t<div class=\"elementor-widget-wrap elementor-element-populated\">\n\t\t\t\t\t\t<div class=\"elementor-element elementor-element-4281c73 elementor-widget elementor-widget-text-editor\" data-id=\"4281c73\" data-element_type=\"widget\" data-widget_type=\"text-editor.default\">\n\t\t\t\t\t\t\t\t\t<p class=\"p1\"><b>HOTEL PUERTA DEL MAR 3*<\/b><b><\/b><\/p><p class=\"p2\">Playa h\/MA\/01774 \u2013 Nerja<\/p><p> <\/p><hr><ol start=\"1\"><li><p class=\"p1\"><b>Datos Identificativos<\/b><b><\/b><\/p><p class=\"p2\">Propiedad: Hermanos S\u00e1nchez Mill\u00f3n S.L.<\/p><p class=\"p2\">Nombre Comercial: Hotel Puerta del Mar<\/p><p class=\"p2\">CIF: B92120534<\/p><p class=\"p2\">Direcci\u00f3n: Calle G\u00f3mez, 4, 29780 Nerja, M\u00e1laga (Spain)<\/p><p class=\"p2\">Tel\u00e9fono: +34 95 252 73 04<\/p><p class=\"p2\">Email: info@hotelpuertadelmar.es<\/p><p class=\"p2\">Registry: M\u00e1laga Commercial Registry, Volume 2.508, Book 1.421, Folio 182, Sheet MA-41.184, Entry 1.<\/p><\/li><li><p class=\"p1\"><b>Prop\u00f3sito<\/b><b><\/b><\/p><p class=\"p2\">Este sitio web tiene como finalidad ofrecer informaci\u00f3n sobre los servicios del hotel y gestionar reservas y consultas.<\/p><\/li><li><p class=\"p1\"><b>Condiciones de Uso<\/b><b><\/b><\/p><p class=\"p2\">Acceder a esta p\u00e1gina implica aceptar y cumplir los t\u00e9rminos establecidos en este Aviso Legal.\nLos usuarios deben abstenerse de realizar acciones il\u00edcitas o perjudiciales. <\/p><\/li><\/ol>\t\t\t\t\t\t\t\t<\/div>\n\t\t\t\t\t<\/div>\n\t\t<\/div>\n\t\t\t\t\t<\/div>\n\t\t<\/section>\n\t\t\t\t\t<\/div>\n\t\t<\/div>\n\t\t\t\t\t<\/div>\n\t\t<\/section>\n\t\t\t\t<\/div>\n\t\t","protected":false},"excerpt":{"rendered":"<p>Hostal boutique Aurora HOTEL PUERTA DEL MAR 3* Playa h\/MA\/01774 \u2013 Nerja Datos Identificativos Propiedad: Hermanos S\u00e1nchez Mill\u00f3n S.L. Nombre Comercial: Hotel Puerta del Mar CIF: B92120534 Direcci\u00f3n: Calle G\u00f3mez, 4, 29780 Nerja, M\u00e1laga (Spain) Tel\u00e9fono: +34 95 252 73 04 Email: info@hotelpuertadelmar.es Registry: M\u00e1laga Commercial Registry, Volume 2.508, Book 1.421, Folio 182, Sheet MA-41.184, [&hellip;]<\/p>\n","protected":false},"author":1,"featured_media":0,"parent":0,"menu_order":0,"comment_status":"closed","ping_status":"closed","template":"","meta":{"footnotes":""},"class_list":["post-870","page","type-page","status-publish","hentry"],"yoast_head":"<!-- This site is optimized with the Yoast SEO plugin v26.8 - https:\/\/yoast.com\/product\/yoast-seo-wordpress\/ -->\n<title>Aviso Legal | Hotel Puerta del Mar<\/title>\n<meta name=\"robots\" content=\"noindex, follow\" \/>\n<meta property=\"og:locale\" content=\"es_ES\" \/>\n<meta property=\"og:type\" content=\"article\" \/>\n<meta property=\"og:title\" content=\"Aviso Legal | Hotel Puerta del Mar\" \/>\n<meta property=\"og:description\" content=\"Hostal boutique Aurora HOTEL PUERTA DEL MAR 3* Playa h\/MA\/01774 \u2013 Nerja Datos Identificativos Propiedad: Hermanos S\u00e1nchez Mill\u00f3n S.L. Nombre Comercial: Hotel Puerta del Mar CIF: B92120534 Direcci\u00f3n: Calle G\u00f3mez, 4, 29780 Nerja, M\u00e1laga (Spain) Tel\u00e9fono: +34 95 252 73 04 Email: info@hotelpuertadelmar.es Registry: M\u00e1laga Commercial Registry, Volume 2.508, Book 1.421, Folio 182, Sheet MA-41.184, [&hellip;]\" \/>\n<meta property=\"og:url\" content=\"https:\/\/hotelpuertadelmar.es\/es\/aviso-legal\/\" \/>\n<meta property=\"og:site_name\" content=\"Hotel Puerta del Mar\" \/>\n<meta property=\"article:modified_time\" content=\"2026-01-13T08:56:50+00:00\" \/>\n<meta property=\"og:image\" content=\"https:\/\/hotelpuertadelmar.es\/wp-content\/uploads\/2025\/08\/Hotel-Puerta-del-Mar-Nerja-Fachada.jpg\" \/>\n\t<meta property=\"og:image:width\" content=\"1920\" \/>\n\t<meta property=\"og:image:height\" content=\"1280\" \/>\n\t<meta property=\"og:image:type\" content=\"image\/jpeg\" \/>\n<meta name=\"twitter:card\" content=\"summary_large_image\" \/>\n<meta name=\"twitter:label1\" content=\"Tiempo de lectura\" \/>\n\t<meta name=\"twitter:data1\" content=\"2 minutos\" \/>\n<script type=\"application\/ld+json\" class=\"yoast-schema-graph\">{\"@context\":\"https:\/\/schema.org\",\"@graph\":[{\"@type\":\"WebPage\",\"@id\":\"https:\/\/hotelpuertadelmar.es\/es\/aviso-legal\/\",\"url\":\"https:\/\/hotelpuertadelmar.es\/es\/aviso-legal\/\",\"name\":\"Aviso Legal | Hotel Puerta del Mar\",\"isPartOf\":{\"@id\":\"https:\/\/hotelpuertadelmar.es\/es\/#website\"},\"datePublished\":\"2025-09-03T11:48:30+00:00\",\"dateModified\":\"2026-01-13T08:56:50+00:00\",\"breadcrumb\":{\"@id\":\"https:\/\/hotelpuertadelmar.es\/es\/aviso-legal\/#breadcrumb\"},\"inLanguage\":\"es\",\"potentialAction\":[{\"@type\":\"ReadAction\",\"target\":[\"https:\/\/hotelpuertadelmar.es\/es\/aviso-legal\/\"]}]},{\"@type\":\"BreadcrumbList\",\"@id\":\"https:\/\/hotelpuertadelmar.es\/es\/aviso-legal\/#breadcrumb\",\"itemListElement\":[{\"@type\":\"ListItem\",\"position\":1,\"name\":\"Portada\",\"item\":\"https:\/\/hotelpuertadelmar.es\/es\/\"},{\"@type\":\"ListItem\",\"position\":2,\"name\":\"Aviso Legal\"}]},{\"@type\":\"WebSite\",\"@id\":\"https:\/\/hotelpuertadelmar.es\/es\/#website\",\"url\":\"https:\/\/hotelpuertadelmar.es\/es\/\",\"name\":\"Hotel Puerta del Mar | Official Website\",\"description\":\"Next to the Balc\u00f3n de Europa in Nerja\",\"publisher\":{\"@id\":\"https:\/\/hotelpuertadelmar.es\/es\/#organization\"},\"alternateName\":\"Hotel next to the Balc\u00f3n de Europa in Nerja\",\"potentialAction\":[{\"@type\":\"SearchAction\",\"target\":{\"@type\":\"EntryPoint\",\"urlTemplate\":\"https:\/\/hotelpuertadelmar.es\/es\/?s={search_term_string}\"},\"query-input\":{\"@type\":\"PropertyValueSpecification\",\"valueRequired\":true,\"valueName\":\"search_term_string\"}}],\"inLanguage\":\"es\"},{\"@type\":\"Organization\",\"@id\":\"https:\/\/hotelpuertadelmar.es\/es\/#organization\",\"name\":\"Hotel Puerta del Mar ***\",\"url\":\"https:\/\/hotelpuertadelmar.es\/es\/\",\"logo\":{\"@type\":\"ImageObject\",\"inLanguage\":\"es\",\"@id\":\"https:\/\/hotelpuertadelmar.es\/es\/#\/schema\/logo\/image\/\",\"url\":\"https:\/\/hotelpuertadelmar.es\/wp-content\/uploads\/2025\/08\/Hotel-Puerta-del-Mar-Logo-Negro-scaled.png\",\"contentUrl\":\"https:\/\/hotelpuertadelmar.es\/wp-content\/uploads\/2025\/08\/Hotel-Puerta-del-Mar-Logo-Negro-scaled.png\",\"width\":2560,\"height\":686,\"caption\":\"Hotel Puerta del Mar ***\"},\"image\":{\"@id\":\"https:\/\/hotelpuertadelmar.es\/es\/#\/schema\/logo\/image\/\"},\"sameAs\":[\"https:\/\/www.instagram.com\/pdmnerja\/\"]}]}<\/script>\n<!-- \/ Yoast SEO plugin. -->","yoast_head_json":{"title":"Aviso Legal | Hotel Puerta del Mar","robots":{"index":"noindex","follow":"follow"},"og_locale":"es_ES","og_type":"article","og_title":"Aviso Legal | Hotel Puerta del Mar","og_description":"Hostal boutique Aurora HOTEL PUERTA DEL MAR 3* Playa h\/MA\/01774 \u2013 Nerja Datos Identificativos Propiedad: Hermanos S\u00e1nchez Mill\u00f3n S.L. Nombre Comercial: Hotel Puerta del Mar CIF: B92120534 Direcci\u00f3n: Calle G\u00f3mez, 4, 29780 Nerja, M\u00e1laga (Spain) Tel\u00e9fono: +34 95 252 73 04 Email: info@hotelpuertadelmar.es Registry: M\u00e1laga Commercial Registry, Volume 2.508, Book 1.421, Folio 182, Sheet MA-41.184, [&hellip;]","og_url":"https:\/\/hotelpuertadelmar.es\/es\/aviso-legal\/","og_site_name":"Hotel Puerta del Mar","article_modified_time":"2026-01-13T08:56:50+00:00","og_image":[{"width":1920,"height":1280,"url":"https:\/\/hotelpuertadelmar.es\/wp-content\/uploads\/2025\/08\/Hotel-Puerta-del-Mar-Nerja-Fachada.jpg","type":"image\/jpeg"}],"twitter_card":"summary_large_image","twitter_misc":{"Tiempo de lectura":"2 minutos"},"schema":{"@context":"https:\/\/schema.org","@graph":[{"@type":"WebPage","@id":"https:\/\/hotelpuertadelmar.es\/es\/aviso-legal\/","url":"https:\/\/hotelpuertadelmar.es\/es\/aviso-legal\/","name":"Aviso Legal | Hotel Puerta del Mar","isPartOf":{"@id":"https:\/\/hotelpuertadelmar.es\/es\/#website"},"datePublished":"2025-09-03T11:48:30+00:00","dateModified":"2026-01-13T08:56:50+00:00","breadcrumb":{"@id":"https:\/\/hotelpuertadelmar.es\/es\/aviso-legal\/#breadcrumb"},"inLanguage":"es","potentialAction":[{"@type":"ReadAction","target":["https:\/\/hotelpuertadelmar.es\/es\/aviso-legal\/"]}]},{"@type":"BreadcrumbList","@id":"https:\/\/hotelpuertadelmar.es\/es\/aviso-legal\/#breadcrumb","itemListElement":[{"@type":"ListItem","position":1,"name":"Portada","item":"https:\/\/hotelpuertadelmar.es\/es\/"},{"@type":"ListItem","position":2,"name":"Aviso Legal"}]},{"@type":"WebSite","@id":"https:\/\/hotelpuertadelmar.es\/es\/#website","url":"https:\/\/hotelpuertadelmar.es\/es\/","name":"Hotel Puerta del Mar | Official Website","description":"Next to the Balc\u00f3n de Europa in Nerja","publisher":{"@id":"https:\/\/hotelpuertadelmar.es\/es\/#organization"},"alternateName":"Hotel next to the Balc\u00f3n de Europa in Nerja","potentialAction":[{"@type":"SearchAction","target":{"@type":"EntryPoint","urlTemplate":"https:\/\/hotelpuertadelmar.es\/es\/?s={search_term_string}"},"query-input":{"@type":"PropertyValueSpecification","valueRequired":true,"valueName":"search_term_string"}}],"inLanguage":"es"},{"@type":"Organization","@id":"https:\/\/hotelpuertadelmar.es\/es\/#organization","name":"Hotel Puerta del Mar ***","url":"https:\/\/hotelpuertadelmar.es\/es\/","logo":{"@type":"ImageObject","inLanguage":"es","@id":"https:\/\/hotelpuertadelmar.es\/es\/#\/schema\/logo\/image\/","url":"https:\/\/hotelpuertadelmar.es\/wp-content\/uploads\/2025\/08\/Hotel-Puerta-del-Mar-Logo-Negro-scaled.png","contentUrl":"https:\/\/hotelpuertadelmar.es\/wp-content\/uploads\/2025\/08\/Hotel-Puerta-del-Mar-Logo-Negro-scaled.png","width":2560,"height":686,"caption":"Hotel Puerta del Mar ***"},"image":{"@id":"https:\/\/hotelpuertadelmar.es\/es\/#\/schema\/logo\/image\/"},"sameAs":["https:\/\/www.instagram.com\/pdmnerja\/"]}]}},"_links":{"self":[{"href":"https:\/\/hotelpuertadelmar.es\/es\/wp-json\/wp\/v2\/pages\/870","targetHints":{"allow":["GET"]}}],"collection":[{"href":"https:\/\/hotelpuertadelmar.es\/es\/wp-json\/wp\/v2\/pages"}],"about":[{"href":"https:\/\/hotelpuertadelmar.es\/es\/wp-json\/wp\/v2\/types\/page"}],"author":[{"embeddable":true,"href":"https:\/\/hotelpuertadelmar.es\/es\/wp-json\/wp\/v2\/users\/1"}],"replies":[{"embeddable":true,"href":"https:\/\/hotelpuertadelmar.es\/es\/wp-json\/wp\/v2\/comments?post=870"}],"version-history":[{"count":5,"href":"https:\/\/hotelpuertadelmar.es\/es\/wp-json\/wp\/v2\/pages\/870\/revisions"}],"predecessor-version":[{"id":946,"href":"https:\/\/hotelpuertadelmar.es\/es\/wp-json\/wp\/v2\/pages\/870\/revisions\/946"}],"wp:attachment":[{"href":"https:\/\/hotelpuertadelmar.es\/es\/wp-json\/wp\/v2\/media?parent=870"}],"curies":[{"name":"wp","href":"https:\/\/api.w.org\/{rel}","templated":true}]}}