{"id":792,"date":"2025-08-18T16:45:41","date_gmt":"2025-08-18T14:45:41","guid":{"rendered":"https:\/\/hotelpuertadelmar.sextaplanta.com\/aviso-legal-y-politica-de-privacidad\/"},"modified":"2026-01-13T09:57:28","modified_gmt":"2026-01-13T08:57:28","slug":"aviso-legal-y-politica-de-privacidad","status":"publish","type":"page","link":"https:\/\/hotelpuertadelmar.es\/es\/aviso-legal-y-politica-de-privacidad\/","title":{"rendered":"Aviso legal y pol\u00edtica de privacidad"},"content":{"rendered":"\t\t<div data-elementor-type=\"wp-page\" data-elementor-id=\"792\" class=\"elementor elementor-792 elementor-98\" data-elementor-post-type=\"page\">\n\t\t\t\t<div class=\"elementor-element elementor-element-637cb5a e-con-full e-flex e-con e-parent\" data-id=\"637cb5a\" data-element_type=\"container\" data-settings=\"{&quot;background_background&quot;:&quot;classic&quot;,&quot;background_motion_fx_motion_fx_scrolling&quot;:&quot;yes&quot;,&quot;background_motion_fx_scale_effect&quot;:&quot;yes&quot;,&quot;sticky&quot;:&quot;top&quot;,&quot;background_motion_fx_scale_direction&quot;:&quot;out-in&quot;,&quot;background_motion_fx_scale_speed&quot;:{&quot;unit&quot;:&quot;px&quot;,&quot;size&quot;:4,&quot;sizes&quot;:[]},&quot;background_motion_fx_scale_range&quot;:{&quot;unit&quot;:&quot;%&quot;,&quot;size&quot;:&quot;&quot;,&quot;sizes&quot;:{&quot;start&quot;:20,&quot;end&quot;:80}},&quot;background_motion_fx_devices&quot;:[&quot;desktop&quot;,&quot;tablet&quot;,&quot;mobile&quot;],&quot;sticky_on&quot;:[&quot;desktop&quot;,&quot;tablet&quot;,&quot;mobile&quot;],&quot;sticky_offset&quot;:0,&quot;sticky_effects_offset&quot;:0,&quot;sticky_anchor_link_offset&quot;:0}\">\n\t\t<div class=\"elementor-element elementor-element-340d49f e-con-full e-flex e-con e-child\" data-id=\"340d49f\" data-element_type=\"container\">\n\t\t<div class=\"elementor-element elementor-element-7cbffc5 e-con-full e-flex e-con e-child\" data-id=\"7cbffc5\" data-element_type=\"container\" data-settings=\"{&quot;background_background&quot;:&quot;classic&quot;,&quot;animation&quot;:&quot;none&quot;}\">\n\t\t<div class=\"elementor-element elementor-element-f54e257 e-con-full e-flex e-con e-child\" data-id=\"f54e257\" data-element_type=\"container\" data-settings=\"{&quot;background_background&quot;:&quot;classic&quot;}\">\n\t\t\t\t<div class=\"elementor-element elementor-element-83f4bc1 elementor-widget elementor-widget-heading\" data-id=\"83f4bc1\" data-element_type=\"widget\" data-widget_type=\"heading.default\">\n\t\t\t\t\t<h1 class=\"elementor-heading-title elementor-size-default\">Aviso legal y pol\u00edtica de privacidad<\/h1>\t\t\t\t<\/div>\n\t\t\t\t<div class=\"elementor-element elementor-element-42e8e46 elementor-widget elementor-widget-heading\" data-id=\"42e8e46\" data-element_type=\"widget\" data-widget_type=\"heading.default\">\n\t\t\t\t\t<h2 class=\"elementor-heading-title elementor-size-default\">Hostal boutique Aurora<\/h2>\t\t\t\t<\/div>\n\t\t\t\t<\/div>\n\t\t<div class=\"elementor-element elementor-element-74063b6 elementor-hidden-tablet elementor-hidden-mobile e-con-full e-flex e-con e-child\" data-id=\"74063b6\" data-element_type=\"container\" data-settings=\"{&quot;background_background&quot;:&quot;classic&quot;}\">\n\t\t\t\t<\/div>\n\t\t\t\t<\/div>\n\t\t\t\t<\/div>\n\t\t\t\t<\/div>\n\t\t\t\t<section class=\"elementor-section elementor-top-section elementor-element elementor-element-34a243b elementor-section-full_width elementor-section-height-default elementor-section-height-default\" data-id=\"34a243b\" data-element_type=\"section\" data-settings=\"{&quot;background_background&quot;:&quot;classic&quot;}\">\n\t\t\t\t\t\t<div class=\"elementor-container elementor-column-gap-default\">\n\t\t\t\t\t<div class=\"elementor-column elementor-col-100 elementor-top-column elementor-element elementor-element-26b6af5\" data-id=\"26b6af5\" data-element_type=\"column\">\n\t\t\t<div class=\"elementor-widget-wrap elementor-element-populated\">\n\t\t\t\t\t\t<section class=\"elementor-section elementor-inner-section elementor-element elementor-element-3153ca4 elementor-section-full_width elementor-section-height-default elementor-section-height-default elementor-invisible\" data-id=\"3153ca4\" data-element_type=\"section\" data-settings=\"{&quot;animation&quot;:&quot;fadeInUp&quot;}\">\n\t\t\t\t\t\t<div class=\"elementor-container elementor-column-gap-default\">\n\t\t\t\t\t<div class=\"elementor-column elementor-col-100 elementor-inner-column elementor-element elementor-element-5eb47e9\" data-id=\"5eb47e9\" data-element_type=\"column\">\n\t\t\t<div class=\"elementor-widget-wrap elementor-element-populated\">\n\t\t\t\t\t\t<div class=\"elementor-element elementor-element-fc4c7f2 elementor-widget elementor-widget-text-editor\" data-id=\"fc4c7f2\" data-element_type=\"widget\" data-widget_type=\"text-editor.default\">\n\t\t\t\t\t\t\t\t\t<p class=\"p1\"><b>HOTEL PUERTA DEL MAR 3*<\/b><b><\/b><\/p><p class=\"p2\">Playa h\/MA\/01774 \u2013 Nerja<\/p><hr><h3><b>Aviso legal<\/b><\/h3><p class=\"p2\">Conforme al art\u00edculo 5 del Reglamento 2016\/679, de 27 de abril, de Protecci\u00f3n de Datos de Car\u00e1cter Personal, los datos de car\u00e1cter personal que aparecen en este mensaje s\u00f3lo pueden ser usados por los destinatarios de los mismos conforme al fin para el que han sido cedidos. El usuario tiene reconocidos por la ley los derechos de acceso, rectificaci\u00f3n, cancelaci\u00f3n y oposici\u00f3n, en su caso, respecto de sus datos personales, pudiendo ejercitar estos derechos por escrito mediante correo electr\u00f3nico dirigido a <span class=\"s2\"><b>info@hotelpuertadelmar.es<\/b><b><\/b><\/span> <\/p><hr><h3><b>Reglamento de r\u00e9gimen interior del establecimiento<\/b><\/h3><p class=\"p2\">Conforme al art\u00edculo 25 del Decreto-Ley 13\/2020, de Establecimientos Hoteleros (BOJA de 27 de mayo de 2020), el establecimiento dispone del siguiente Reglamento de R\u00e9gimen Interior, de obligado cumplimiento para los clientes.<\/p><p class=\"p1\"><b>Art\u00edculo 25. Reglamento de r\u00e9gimen interior. <\/b><b><\/b><\/p><p class=\"p2\">Los establecimientos hoteleros podr\u00e1n disponer de un reglamento de r\u00e9gimen interior en el que se fijen normas de obligado cumplimiento para los usuarios durante su estancia. Dicho reglamento especificar\u00e1, como m\u00ednimo, las condiciones de admisi\u00f3n, las normas de convivencia y funcionamiento, as\u00ed como todo aquello que permita y favorezca el normal disfrute de las instalaciones, equipamientos y servicios. <\/p><p class=\"p2\">Los titulares podr\u00e1n recabar el auxilio de los agentes de la autoridad para desalojar a los usuarios que incumplan este reglamento o pretendan acceder con fines distintos al uso normal del servicio, conforme al art\u00edculo 33.22 de la Ley de Turismo.<\/p><hr><h3><b>Reglas y obligaciones para los hu\u00e9spedes<\/b><\/h3><ol start=\"1\"><li><p class=\"p1\">Los usuarios deben abonar el importe de los servicios contratados en el momento de presentaci\u00f3n de la factura.<\/p><\/li><li><p class=\"p1\">El hotel podr\u00e1 solicitar garant\u00eda previa de pago con tarjeta de cr\u00e9dito por los servicios contratados, tanto de la reserva como de los extras.<\/p><\/li><li><p class=\"p1\">La reserva comienza a las 12:00 h del d\u00eda de llegada y finaliza a las 12:00 h del d\u00eda de salida. Prolongaciones sin acuerdo previo supondr\u00e1n el abono de una jornada m\u00e1s. <\/p><\/li><li><p class=\"p1\">No se permite la estancia de dos personas en una habitaci\u00f3n contratada como individual.<\/p><\/li><li><p class=\"p1\">El horario de limpieza es de 08:00 h a 14:00 h. Despu\u00e9s de esa hora, solo se proceder\u00e1 al cambio de toallas. <\/p><\/li><li><p class=\"p1\">El parking, en caso de existir, es exclusivo para clientes alojados y comienza con el check-in y finaliza con el check-out.<\/p><\/li><li><p class=\"p1\">El uso del garaje est\u00e1 condicionado al pago de la tarifa estipulada.<\/p><\/li><li><p class=\"p1\">Prohibido fumar en zonas de no fumadores.<\/p><\/li><li><p class=\"p1\">Prohibido introducir comidas o bebidas del exterior y consumir bebidas en la piscina.<\/p><\/li><li><p class=\"p1\">No se permite sacar alimentos de los comedores.<\/p><\/li><li><p class=\"p1\">Prohibido el acceso con animales, salvo perros gu\u00eda seg\u00fan la Ley 5\/1998.<\/p><\/li><li><p class=\"p1\">Se impedir\u00e1 el acceso y permanencia a personas que incumplan la normativa (aforo completo, edad m\u00ednima, consumo de drogas o alcohol, actitudes violentas, portar armas, generar molestias, etc.).<\/p><\/li><li><p class=\"p1\">En todos estos casos, el usuario deber\u00e1 abonar los gastos generados hasta ese momento.<\/p><\/li><li><p class=\"p1\">No se podr\u00e1n reservar servicios contra precio estipulado.<\/p><\/li><li><p class=\"p1\">La circulaci\u00f3n ser\u00e1 solo en zonas destinadas a clientes.<\/p><\/li><li><p class=\"p1\">No se permite el acceso a restaurante o comedor con vestimenta inadecuada (ba\u00f1ador, ropa sucia, sin camiseta).<\/p><\/li><li><p class=\"p1\">El uso de tumbonas de piscina es gratuito. No se pueden reservar antes de las 09:00 h. Objetos personales podr\u00e1n ser retirados si no se usan durante 30 min.  <\/p><\/li><li><p class=\"p1\">El hotel solo responde de objetos depositados en caja fuerte bajo recibo firmado.<\/p><\/li><li><p class=\"p1\">Prohibido el uso de planchas en habitaciones. Apague cigarrillos antes de descansar. <\/p><\/li><li><p class=\"p1\">La tarjeta de identificaci\u00f3n acredita como hu\u00e9sped y debe llevarse en todo momento dentro del hotel.<\/p><\/li><li><p class=\"p1\">Si no desea que se arregle la habitaci\u00f3n, comun\u00edquelo en recepci\u00f3n. No podr\u00e1n estar sin limpiar m\u00e1s de dos d\u00edas consecutivos. <\/p><\/li><li><p class=\"p1\">No se permite usar las toallas de la habitaci\u00f3n en el exterior. El hotel facilita toallas de piscina con dep\u00f3sito. <\/p><\/li><li><p class=\"p1\">La p\u00e9rdida o deterioro de mandos a distancia dar\u00e1 lugar al cargo en la tarjeta de cr\u00e9dito.<\/p><\/li><li><p class=\"p1\">El hu\u00e9sped es responsable de desperfectos causados en el hotel durante su estancia. Informe en recepci\u00f3n de cualquier da\u00f1o detectado a su llegada. <\/p><\/li><\/ol><hr><h3><b>Recomendaciones de la direcci\u00f3n<\/b><\/h3><ul><li><p class=\"p1\">Vigile su equipaje y no lo deje desatendido.<\/p><\/li><li><p class=\"p1\">Cierre la puerta de su habitaci\u00f3n al salir y cuando permanezca dentro.<\/p><\/li><li><p class=\"p1\">Guarde su equipaje en el armario con cerradura si es posible.<\/p><\/li><li><p class=\"p1\">Deje la llave en recepci\u00f3n al salir del hotel.<\/p><\/li><li><p class=\"p1\">Notifique cualquier situaci\u00f3n sospechosa o an\u00f3mala a la Direcci\u00f3n.<\/p><\/li><li><p class=\"p1\">Identif\u00edquese en recepci\u00f3n cuando se le solicite, es por su seguridad.<\/p><\/li><li><p class=\"p1\">No exhiba objetos de valor en la habitaci\u00f3n.<\/p><\/li><li><p class=\"p1\">No invite a extra\u00f1os a su habitaci\u00f3n ni facilite su n\u00famero.<\/p><\/li><li><p class=\"p1\">No permita acceso a personal no autorizado o entregas no solicitadas.<\/p><\/li><li><p class=\"p1\">Consulte cualquier necesidad en recepci\u00f3n: estaremos encantados de atenderle.<\/p><\/li><\/ul>\t\t\t\t\t\t\t\t<\/div>\n\t\t\t\t\t<\/div>\n\t\t<\/div>\n\t\t\t\t\t<\/div>\n\t\t<\/section>\n\t\t\t\t\t<\/div>\n\t\t<\/div>\n\t\t\t\t\t<\/div>\n\t\t<\/section>\n\t\t\t\t<\/div>\n\t\t","protected":false},"excerpt":{"rendered":"<p>Hostal boutique Aurora HOTEL PUERTA DEL MAR 3* Playa h\/MA\/01774 \u2013 Nerja Aviso legal Conforme al art\u00edculo 5 del Reglamento 2016\/679, de 27 de abril, de Protecci\u00f3n de Datos de Car\u00e1cter Personal, los datos de car\u00e1cter personal que aparecen en este mensaje s\u00f3lo pueden ser usados por los destinatarios de los mismos conforme al fin [&hellip;]<\/p>\n","protected":false},"author":1,"featured_media":0,"parent":0,"menu_order":0,"comment_status":"closed","ping_status":"closed","template":"","meta":{"footnotes":""},"class_list":["post-792","page","type-page","status-publish","hentry"],"yoast_head":"<!-- This site is optimized with the Yoast SEO plugin v26.8 - https:\/\/yoast.com\/product\/yoast-seo-wordpress\/ -->\n<title>Aviso legal y pol\u00edtica de privacidad | Hotel Puerta del Mar<\/title>\n<meta name=\"robots\" content=\"noindex, follow\" \/>\n<meta property=\"og:locale\" content=\"es_ES\" \/>\n<meta property=\"og:type\" content=\"article\" \/>\n<meta property=\"og:title\" content=\"Aviso legal y pol\u00edtica de privacidad | Hotel Puerta del Mar\" \/>\n<meta property=\"og:description\" content=\"Hostal boutique Aurora HOTEL PUERTA DEL MAR 3* Playa h\/MA\/01774 \u2013 Nerja Aviso legal Conforme al art\u00edculo 5 del Reglamento 2016\/679, de 27 de abril, de Protecci\u00f3n de Datos de Car\u00e1cter Personal, los datos de car\u00e1cter personal que aparecen en este mensaje s\u00f3lo pueden ser usados por los destinatarios de los mismos conforme al fin [&hellip;]\" \/>\n<meta property=\"og:url\" content=\"https:\/\/hotelpuertadelmar.es\/es\/aviso-legal-y-politica-de-privacidad\/\" \/>\n<meta property=\"og:site_name\" content=\"Hotel Puerta del Mar\" \/>\n<meta property=\"article:modified_time\" content=\"2026-01-13T08:57:28+00:00\" \/>\n<meta property=\"og:image\" content=\"https:\/\/hotelpuertadelmar.es\/wp-content\/uploads\/2025\/08\/Hotel-Puerta-del-Mar-Nerja-Fachada.jpg\" \/>\n\t<meta property=\"og:image:width\" content=\"1920\" \/>\n\t<meta property=\"og:image:height\" content=\"1280\" \/>\n\t<meta property=\"og:image:type\" content=\"image\/jpeg\" \/>\n<meta name=\"twitter:card\" content=\"summary_large_image\" \/>\n<meta name=\"twitter:label1\" content=\"Tiempo de lectura\" \/>\n\t<meta name=\"twitter:data1\" content=\"1 minuto\" \/>\n<script type=\"application\/ld+json\" class=\"yoast-schema-graph\">{\"@context\":\"https:\/\/schema.org\",\"@graph\":[{\"@type\":\"WebPage\",\"@id\":\"https:\/\/hotelpuertadelmar.es\/es\/aviso-legal-y-politica-de-privacidad\/\",\"url\":\"https:\/\/hotelpuertadelmar.es\/es\/aviso-legal-y-politica-de-privacidad\/\",\"name\":\"Aviso legal y pol\u00edtica de privacidad | Hotel Puerta del Mar\",\"isPartOf\":{\"@id\":\"https:\/\/hotelpuertadelmar.es\/es\/#website\"},\"datePublished\":\"2025-08-18T14:45:41+00:00\",\"dateModified\":\"2026-01-13T08:57:28+00:00\",\"breadcrumb\":{\"@id\":\"https:\/\/hotelpuertadelmar.es\/es\/aviso-legal-y-politica-de-privacidad\/#breadcrumb\"},\"inLanguage\":\"es\",\"potentialAction\":[{\"@type\":\"ReadAction\",\"target\":[\"https:\/\/hotelpuertadelmar.es\/es\/aviso-legal-y-politica-de-privacidad\/\"]}]},{\"@type\":\"BreadcrumbList\",\"@id\":\"https:\/\/hotelpuertadelmar.es\/es\/aviso-legal-y-politica-de-privacidad\/#breadcrumb\",\"itemListElement\":[{\"@type\":\"ListItem\",\"position\":1,\"name\":\"Portada\",\"item\":\"https:\/\/hotelpuertadelmar.es\/es\/\"},{\"@type\":\"ListItem\",\"position\":2,\"name\":\"Aviso legal y pol\u00edtica de privacidad\"}]},{\"@type\":\"WebSite\",\"@id\":\"https:\/\/hotelpuertadelmar.es\/es\/#website\",\"url\":\"https:\/\/hotelpuertadelmar.es\/es\/\",\"name\":\"Hotel Puerta del Mar | Official Website\",\"description\":\"Next to the Balc\u00f3n de Europa in Nerja\",\"publisher\":{\"@id\":\"https:\/\/hotelpuertadelmar.es\/es\/#organization\"},\"alternateName\":\"Hotel next to the Balc\u00f3n de Europa in Nerja\",\"potentialAction\":[{\"@type\":\"SearchAction\",\"target\":{\"@type\":\"EntryPoint\",\"urlTemplate\":\"https:\/\/hotelpuertadelmar.es\/es\/?s={search_term_string}\"},\"query-input\":{\"@type\":\"PropertyValueSpecification\",\"valueRequired\":true,\"valueName\":\"search_term_string\"}}],\"inLanguage\":\"es\"},{\"@type\":\"Organization\",\"@id\":\"https:\/\/hotelpuertadelmar.es\/es\/#organization\",\"name\":\"Hotel Puerta del Mar ***\",\"url\":\"https:\/\/hotelpuertadelmar.es\/es\/\",\"logo\":{\"@type\":\"ImageObject\",\"inLanguage\":\"es\",\"@id\":\"https:\/\/hotelpuertadelmar.es\/es\/#\/schema\/logo\/image\/\",\"url\":\"https:\/\/hotelpuertadelmar.es\/wp-content\/uploads\/2025\/08\/Hotel-Puerta-del-Mar-Logo-Negro-scaled.png\",\"contentUrl\":\"https:\/\/hotelpuertadelmar.es\/wp-content\/uploads\/2025\/08\/Hotel-Puerta-del-Mar-Logo-Negro-scaled.png\",\"width\":2560,\"height\":686,\"caption\":\"Hotel Puerta del Mar ***\"},\"image\":{\"@id\":\"https:\/\/hotelpuertadelmar.es\/es\/#\/schema\/logo\/image\/\"},\"sameAs\":[\"https:\/\/www.instagram.com\/pdmnerja\/\"]}]}<\/script>\n<!-- \/ Yoast SEO plugin. -->","yoast_head_json":{"title":"Aviso legal y pol\u00edtica de privacidad | Hotel Puerta del Mar","robots":{"index":"noindex","follow":"follow"},"og_locale":"es_ES","og_type":"article","og_title":"Aviso legal y pol\u00edtica de privacidad | Hotel Puerta del Mar","og_description":"Hostal boutique Aurora HOTEL PUERTA DEL MAR 3* Playa h\/MA\/01774 \u2013 Nerja Aviso legal Conforme al art\u00edculo 5 del Reglamento 2016\/679, de 27 de abril, de Protecci\u00f3n de Datos de Car\u00e1cter Personal, los datos de car\u00e1cter personal que aparecen en este mensaje s\u00f3lo pueden ser usados por los destinatarios de los mismos conforme al fin [&hellip;]","og_url":"https:\/\/hotelpuertadelmar.es\/es\/aviso-legal-y-politica-de-privacidad\/","og_site_name":"Hotel Puerta del Mar","article_modified_time":"2026-01-13T08:57:28+00:00","og_image":[{"width":1920,"height":1280,"url":"https:\/\/hotelpuertadelmar.es\/wp-content\/uploads\/2025\/08\/Hotel-Puerta-del-Mar-Nerja-Fachada.jpg","type":"image\/jpeg"}],"twitter_card":"summary_large_image","twitter_misc":{"Tiempo de lectura":"1 minuto"},"schema":{"@context":"https:\/\/schema.org","@graph":[{"@type":"WebPage","@id":"https:\/\/hotelpuertadelmar.es\/es\/aviso-legal-y-politica-de-privacidad\/","url":"https:\/\/hotelpuertadelmar.es\/es\/aviso-legal-y-politica-de-privacidad\/","name":"Aviso legal y pol\u00edtica de privacidad | Hotel Puerta del Mar","isPartOf":{"@id":"https:\/\/hotelpuertadelmar.es\/es\/#website"},"datePublished":"2025-08-18T14:45:41+00:00","dateModified":"2026-01-13T08:57:28+00:00","breadcrumb":{"@id":"https:\/\/hotelpuertadelmar.es\/es\/aviso-legal-y-politica-de-privacidad\/#breadcrumb"},"inLanguage":"es","potentialAction":[{"@type":"ReadAction","target":["https:\/\/hotelpuertadelmar.es\/es\/aviso-legal-y-politica-de-privacidad\/"]}]},{"@type":"BreadcrumbList","@id":"https:\/\/hotelpuertadelmar.es\/es\/aviso-legal-y-politica-de-privacidad\/#breadcrumb","itemListElement":[{"@type":"ListItem","position":1,"name":"Portada","item":"https:\/\/hotelpuertadelmar.es\/es\/"},{"@type":"ListItem","position":2,"name":"Aviso legal y pol\u00edtica de privacidad"}]},{"@type":"WebSite","@id":"https:\/\/hotelpuertadelmar.es\/es\/#website","url":"https:\/\/hotelpuertadelmar.es\/es\/","name":"Hotel Puerta del Mar | Official Website","description":"Next to the Balc\u00f3n de Europa in Nerja","publisher":{"@id":"https:\/\/hotelpuertadelmar.es\/es\/#organization"},"alternateName":"Hotel next to the Balc\u00f3n de Europa in Nerja","potentialAction":[{"@type":"SearchAction","target":{"@type":"EntryPoint","urlTemplate":"https:\/\/hotelpuertadelmar.es\/es\/?s={search_term_string}"},"query-input":{"@type":"PropertyValueSpecification","valueRequired":true,"valueName":"search_term_string"}}],"inLanguage":"es"},{"@type":"Organization","@id":"https:\/\/hotelpuertadelmar.es\/es\/#organization","name":"Hotel Puerta del Mar ***","url":"https:\/\/hotelpuertadelmar.es\/es\/","logo":{"@type":"ImageObject","inLanguage":"es","@id":"https:\/\/hotelpuertadelmar.es\/es\/#\/schema\/logo\/image\/","url":"https:\/\/hotelpuertadelmar.es\/wp-content\/uploads\/2025\/08\/Hotel-Puerta-del-Mar-Logo-Negro-scaled.png","contentUrl":"https:\/\/hotelpuertadelmar.es\/wp-content\/uploads\/2025\/08\/Hotel-Puerta-del-Mar-Logo-Negro-scaled.png","width":2560,"height":686,"caption":"Hotel Puerta del Mar ***"},"image":{"@id":"https:\/\/hotelpuertadelmar.es\/es\/#\/schema\/logo\/image\/"},"sameAs":["https:\/\/www.instagram.com\/pdmnerja\/"]}]}},"_links":{"self":[{"href":"https:\/\/hotelpuertadelmar.es\/es\/wp-json\/wp\/v2\/pages\/792","targetHints":{"allow":["GET"]}}],"collection":[{"href":"https:\/\/hotelpuertadelmar.es\/es\/wp-json\/wp\/v2\/pages"}],"about":[{"href":"https:\/\/hotelpuertadelmar.es\/es\/wp-json\/wp\/v2\/types\/page"}],"author":[{"embeddable":true,"href":"https:\/\/hotelpuertadelmar.es\/es\/wp-json\/wp\/v2\/users\/1"}],"replies":[{"embeddable":true,"href":"https:\/\/hotelpuertadelmar.es\/es\/wp-json\/wp\/v2\/comments?post=792"}],"version-history":[{"count":7,"href":"https:\/\/hotelpuertadelmar.es\/es\/wp-json\/wp\/v2\/pages\/792\/revisions"}],"predecessor-version":[{"id":949,"href":"https:\/\/hotelpuertadelmar.es\/es\/wp-json\/wp\/v2\/pages\/792\/revisions\/949"}],"wp:attachment":[{"href":"https:\/\/hotelpuertadelmar.es\/es\/wp-json\/wp\/v2\/media?parent=792"}],"curies":[{"name":"wp","href":"https:\/\/api.w.org\/{rel}","templated":true}]}}