{"id":774,"date":"2025-08-18T16:46:27","date_gmt":"2025-08-18T14:46:27","guid":{"rendered":"https:\/\/hotelpuertadelmar.sextaplanta.com\/ofertas\/"},"modified":"2026-01-13T09:57:12","modified_gmt":"2026-01-13T08:57:12","slug":"ofertas","status":"publish","type":"page","link":"https:\/\/hotelpuertadelmar.es\/es\/ofertas\/","title":{"rendered":"Ofertas"},"content":{"rendered":"\t\t<div data-elementor-type=\"wp-page\" data-elementor-id=\"774\" class=\"elementor elementor-774 elementor-108\" data-elementor-post-type=\"page\">\n\t\t\t\t<div class=\"elementor-element elementor-element-5c1138f e-con-full e-flex e-con e-parent\" data-id=\"5c1138f\" data-element_type=\"container\" data-settings=\"{&quot;background_background&quot;:&quot;classic&quot;,&quot;background_motion_fx_motion_fx_scrolling&quot;:&quot;yes&quot;,&quot;background_motion_fx_scale_effect&quot;:&quot;yes&quot;,&quot;sticky&quot;:&quot;top&quot;,&quot;background_motion_fx_scale_direction&quot;:&quot;out-in&quot;,&quot;background_motion_fx_scale_speed&quot;:{&quot;unit&quot;:&quot;px&quot;,&quot;size&quot;:4,&quot;sizes&quot;:[]},&quot;background_motion_fx_scale_range&quot;:{&quot;unit&quot;:&quot;%&quot;,&quot;size&quot;:&quot;&quot;,&quot;sizes&quot;:{&quot;start&quot;:20,&quot;end&quot;:80}},&quot;background_motion_fx_devices&quot;:[&quot;desktop&quot;,&quot;tablet&quot;,&quot;mobile&quot;],&quot;sticky_on&quot;:[&quot;desktop&quot;,&quot;tablet&quot;,&quot;mobile&quot;],&quot;sticky_offset&quot;:0,&quot;sticky_effects_offset&quot;:0,&quot;sticky_anchor_link_offset&quot;:0}\">\n\t\t<div class=\"elementor-element elementor-element-abf51dc e-con-full e-flex e-con e-child\" data-id=\"abf51dc\" data-element_type=\"container\">\n\t\t<div class=\"elementor-element elementor-element-a3b5b2a e-con-full e-flex e-con e-child\" data-id=\"a3b5b2a\" data-element_type=\"container\" data-settings=\"{&quot;background_background&quot;:&quot;classic&quot;,&quot;animation&quot;:&quot;none&quot;}\">\n\t\t<div class=\"elementor-element elementor-element-57e7e8b e-con-full e-flex e-con e-child\" data-id=\"57e7e8b\" data-element_type=\"container\" data-settings=\"{&quot;background_background&quot;:&quot;classic&quot;}\">\n\t\t\t\t<div class=\"elementor-element elementor-element-c1f2f86 elementor-widget elementor-widget-heading\" data-id=\"c1f2f86\" data-element_type=\"widget\" data-widget_type=\"heading.default\">\n\t\t\t\t\t<h1 class=\"elementor-heading-title elementor-size-default\">Ofertas<\/h1>\t\t\t\t<\/div>\n\t\t\t\t<div class=\"elementor-element elementor-element-f58464c elementor-widget elementor-widget-heading\" data-id=\"f58464c\" data-element_type=\"widget\" data-widget_type=\"heading.default\">\n\t\t\t\t\t<h2 class=\"elementor-heading-title elementor-size-default\">Hotel Puerta del Mar ***<\/h2>\t\t\t\t<\/div>\n\t\t\t\t<\/div>\n\t\t<div class=\"elementor-element elementor-element-d1c887c elementor-hidden-tablet elementor-hidden-mobile e-con-full e-flex e-con e-child\" data-id=\"d1c887c\" data-element_type=\"container\" data-settings=\"{&quot;background_background&quot;:&quot;classic&quot;}\">\n\t\t\t\t<\/div>\n\t\t\t\t<\/div>\n\t\t\t\t<\/div>\n\t\t\t\t<\/div>\n\t\t<div class=\"elementor-element elementor-element-4306db5 elementor-hidden-desktop elementor-hidden-tablet elementor-hidden-mobile e-flex e-con-boxed e-con e-parent\" data-id=\"4306db5\" data-element_type=\"container\" data-settings=\"{&quot;background_background&quot;:&quot;classic&quot;,&quot;sticky&quot;:&quot;top&quot;,&quot;sticky_offset&quot;:55,&quot;sticky_offset_mobile&quot;:39,&quot;sticky_on&quot;:[&quot;desktop&quot;,&quot;tablet&quot;,&quot;mobile&quot;],&quot;sticky_effects_offset&quot;:0,&quot;sticky_anchor_link_offset&quot;:0}\">\n\t\t\t\t\t<div class=\"e-con-inner\">\n\t\t<div class=\"elementor-element elementor-element-6f04262 e-con-full e-flex e-con e-child\" data-id=\"6f04262\" data-element_type=\"container\">\n\t\t\t\t<div class=\"elementor-element elementor-element-54cbdef elementor-widget elementor-widget-global elementor-global-759 elementor-global-192 elementor-widget-html\" data-id=\"54cbdef\" data-element_type=\"widget\" data-widget_type=\"html.default\">\n\t\t\t\t\t<!-- BookingEngine -->\t\t\t\t<\/div>\n\t\t\t\t<\/div>\n\t\t\t\t\t<\/div>\n\t\t\t\t<\/div>\n\t\t<div class=\"elementor-element elementor-element-8934a0b e-con-full e-flex e-con e-parent\" data-id=\"8934a0b\" data-element_type=\"container\" data-settings=\"{&quot;background_background&quot;:&quot;classic&quot;}\">\n\t\t<div class=\"elementor-element elementor-element-4d96913 e-con-full e-flex e-con e-child\" data-id=\"4d96913\" data-element_type=\"container\">\n\t\t<div class=\"elementor-element elementor-element-0792878 e-con-full e-flex elementor-invisible e-con e-child\" data-id=\"0792878\" data-element_type=\"container\" data-settings=\"{&quot;animation&quot;:&quot;fadeInUp&quot;}\">\n\t\t<div class=\"elementor-element elementor-element-f16d797 e-con-full e-flex e-con e-child\" data-id=\"f16d797\" data-element_type=\"container\">\n\t\t\t\t<div class=\"elementor-element elementor-element-9ad898d elementor-widget elementor-widget-text-editor\" data-id=\"9ad898d\" data-element_type=\"widget\" data-widget_type=\"text-editor.default\">\n\t\t\t\t\t\t\t\t\t<div class=\"group w-full text-gray-800 dark:text-gray-100 border-b border-black\/10 dark:border-gray-900\/50 bg-gray-50 dark:bg-[#444654]\"><div class=\"text-base gap-4 md:gap-6 md:max-w-2xl lg:max-w-xl xl:max-w-3xl p-4 md:py-6 flex lg:px-0 m-auto\"><div class=\"relative flex w-[calc(100%-50px)] flex-col gap-1 md:gap-3 lg:w-[calc(100%-115px)]\"><div class=\"flex flex-grow flex-col gap-3\"><div class=\"min-h-[20px] flex flex-col items-start gap-4 whitespace-pre-wrap\"><div class=\"markdown prose w-full break-words dark:prose-invert light\"><p class=\"p1\"><span class=\"s1\"><b>Descubre nuestras ofertas exclusivas en el Hotel Puerta del Mar.<\/b><\/span> Tanto si est\u00e1splaneando una escapada en pareja, unas vacaciones familiares o una escapada de relax junto al mar, tenemos la opci\u00f3n perfecta para ti. Echa un vistazo a nuestras promociones actuales y reserva directamente a trav\u00e9s de nuestro sitio web para disfrutar del <span class=\"s1\"><b>Mejor Precio Garantizado<\/b><\/span> para tu estancia en el coraz\u00f3n de Nerja.<\/p><\/div><\/div><\/div><\/div><\/div><\/div>\t\t\t\t\t\t\t\t<\/div>\n\t\t\t\t<div class=\"elementor-element elementor-element-636c022 elementor-mobile-align-justify distributor elementor-widget elementor-widget-global elementor-global-747 elementor-global-352 elementor-widget-button\" data-id=\"636c022\" data-element_type=\"widget\" data-widget_type=\"button.default\">\n\t\t\t\t\t\t\t\t\t\t<a class=\"elementor-button elementor-size-sm\" role=\"button\">\n\t\t\t\t\t\t<span class=\"elementor-button-content-wrapper\">\n\t\t\t\t\t\t\t\t\t<span class=\"elementor-button-text\">Reservar online<\/span>\n\t\t\t\t\t<\/span>\n\t\t\t\t\t<\/a>\n\t\t\t\t\t\t\t\t<\/div>\n\t\t\t\t<div class=\"elementor-element elementor-element-a72e16f elementor-widget elementor-widget-spacer\" data-id=\"a72e16f\" data-element_type=\"widget\" data-widget_type=\"spacer.default\">\n\t\t\t\t\t\t\t<div class=\"elementor-spacer\">\n\t\t\t<div class=\"elementor-spacer-inner\"><\/div>\n\t\t<\/div>\n\t\t\t\t\t\t<\/div>\n\t\t\t\t<\/div>\n\t\t<div class=\"elementor-element elementor-element-c49c5e4 e-con-full e-flex e-con e-child\" data-id=\"c49c5e4\" data-element_type=\"container\">\n\t\t\t\t<\/div>\n\t\t\t\t<\/div>\n\t\t\t\t<\/div>\n\t\t\t\t<\/div>\n\t\t\t\t<\/div>\n\t\t","protected":false},"excerpt":{"rendered":"<p>Ofertas Hotel Puerta del Mar *** Descubre nuestras ofertas exclusivas en el Hotel Puerta del Mar. Tanto si est\u00e1splaneando una escapada en pareja, unas vacaciones familiares o una escapada de relax junto al mar, tenemos la opci\u00f3n perfecta para ti. Echa un vistazo a nuestras promociones actuales y reserva directamente a trav\u00e9s de nuestro sitio [&hellip;]<\/p>\n","protected":false},"author":1,"featured_media":670,"parent":0,"menu_order":0,"comment_status":"closed","ping_status":"closed","template":"","meta":{"footnotes":""},"class_list":["post-774","page","type-page","status-publish","has-post-thumbnail","hentry"],"yoast_head":"<!-- This site is optimized with the Yoast SEO plugin v26.8 - https:\/\/yoast.com\/product\/yoast-seo-wordpress\/ -->\n<title>Especial Ofertas | Hotel Puerta del Mar *** | sitio web oficial | Nerja<\/title>\n<meta name=\"description\" content=\"Descubre nuestras ofertas exclusivas en el Hotel Puerta del Mar. Eche un vistazo a nuestras promociones actuales y reserve directamente a trav\u00e9s de nuestro sitio web.\" \/>\n<meta name=\"robots\" content=\"index, follow, max-snippet:-1, max-image-preview:large, max-video-preview:-1\" \/>\n<link rel=\"canonical\" href=\"https:\/\/hotelpuertadelmar.es\/es\/ofertas\/\" \/>\n<meta property=\"og:locale\" content=\"es_ES\" \/>\n<meta property=\"og:type\" content=\"article\" \/>\n<meta property=\"og:title\" content=\"Especial Ofertas | Hotel Puerta del Mar *** | sitio web oficial | Nerja\" \/>\n<meta property=\"og:description\" content=\"Descubre nuestras ofertas exclusivas en el Hotel Puerta del Mar. Eche un vistazo a nuestras promociones actuales y reserve directamente a trav\u00e9s de nuestro sitio web.\" \/>\n<meta property=\"og:url\" content=\"https:\/\/hotelpuertadelmar.es\/es\/ofertas\/\" \/>\n<meta property=\"og:site_name\" content=\"Hotel Puerta del Mar\" \/>\n<meta property=\"article:modified_time\" content=\"2026-01-13T08:57:12+00:00\" \/>\n<meta property=\"og:image\" content=\"https:\/\/hotelpuertadelmar.es\/wp-content\/uploads\/2025\/08\/hotel-puerta-del-mar-piscina-y-bar.jpg\" \/>\n\t<meta property=\"og:image:width\" content=\"1920\" \/>\n\t<meta property=\"og:image:height\" content=\"1280\" \/>\n\t<meta property=\"og:image:type\" content=\"image\/jpeg\" \/>\n<meta name=\"twitter:card\" content=\"summary_large_image\" \/>\n<script type=\"application\/ld+json\" class=\"yoast-schema-graph\">{\"@context\":\"https:\/\/schema.org\",\"@graph\":[{\"@type\":\"WebPage\",\"@id\":\"https:\/\/hotelpuertadelmar.es\/es\/ofertas\/\",\"url\":\"https:\/\/hotelpuertadelmar.es\/es\/ofertas\/\",\"name\":\"Especial Ofertas | Hotel Puerta del Mar *** | sitio web oficial | Nerja\",\"isPartOf\":{\"@id\":\"https:\/\/hotelpuertadelmar.es\/es\/#website\"},\"primaryImageOfPage\":{\"@id\":\"https:\/\/hotelpuertadelmar.es\/es\/ofertas\/#primaryimage\"},\"image\":{\"@id\":\"https:\/\/hotelpuertadelmar.es\/es\/ofertas\/#primaryimage\"},\"thumbnailUrl\":\"https:\/\/hotelpuertadelmar.es\/wp-content\/uploads\/2025\/08\/hotel-puerta-del-mar-piscina-y-bar.jpg\",\"datePublished\":\"2025-08-18T14:46:27+00:00\",\"dateModified\":\"2026-01-13T08:57:12+00:00\",\"description\":\"Descubre nuestras ofertas exclusivas en el Hotel Puerta del Mar. Eche un vistazo a nuestras promociones actuales y reserve directamente a trav\u00e9s de nuestro sitio web.\",\"breadcrumb\":{\"@id\":\"https:\/\/hotelpuertadelmar.es\/es\/ofertas\/#breadcrumb\"},\"inLanguage\":\"es\",\"potentialAction\":[{\"@type\":\"ReadAction\",\"target\":[\"https:\/\/hotelpuertadelmar.es\/es\/ofertas\/\"]}]},{\"@type\":\"ImageObject\",\"inLanguage\":\"es\",\"@id\":\"https:\/\/hotelpuertadelmar.es\/es\/ofertas\/#primaryimage\",\"url\":\"https:\/\/hotelpuertadelmar.es\/wp-content\/uploads\/2025\/08\/hotel-puerta-del-mar-piscina-y-bar.jpg\",\"contentUrl\":\"https:\/\/hotelpuertadelmar.es\/wp-content\/uploads\/2025\/08\/hotel-puerta-del-mar-piscina-y-bar.jpg\",\"width\":1920,\"height\":1280},{\"@type\":\"BreadcrumbList\",\"@id\":\"https:\/\/hotelpuertadelmar.es\/es\/ofertas\/#breadcrumb\",\"itemListElement\":[{\"@type\":\"ListItem\",\"position\":1,\"name\":\"Portada\",\"item\":\"https:\/\/hotelpuertadelmar.es\/es\/\"},{\"@type\":\"ListItem\",\"position\":2,\"name\":\"Ofertas\"}]},{\"@type\":\"WebSite\",\"@id\":\"https:\/\/hotelpuertadelmar.es\/es\/#website\",\"url\":\"https:\/\/hotelpuertadelmar.es\/es\/\",\"name\":\"Hotel Puerta del Mar | Official Website\",\"description\":\"Next to the Balc\u00f3n de Europa in Nerja\",\"publisher\":{\"@id\":\"https:\/\/hotelpuertadelmar.es\/es\/#organization\"},\"alternateName\":\"Hotel next to the Balc\u00f3n de Europa in Nerja\",\"potentialAction\":[{\"@type\":\"SearchAction\",\"target\":{\"@type\":\"EntryPoint\",\"urlTemplate\":\"https:\/\/hotelpuertadelmar.es\/es\/?s={search_term_string}\"},\"query-input\":{\"@type\":\"PropertyValueSpecification\",\"valueRequired\":true,\"valueName\":\"search_term_string\"}}],\"inLanguage\":\"es\"},{\"@type\":\"Organization\",\"@id\":\"https:\/\/hotelpuertadelmar.es\/es\/#organization\",\"name\":\"Hotel Puerta del Mar ***\",\"url\":\"https:\/\/hotelpuertadelmar.es\/es\/\",\"logo\":{\"@type\":\"ImageObject\",\"inLanguage\":\"es\",\"@id\":\"https:\/\/hotelpuertadelmar.es\/es\/#\/schema\/logo\/image\/\",\"url\":\"https:\/\/hotelpuertadelmar.es\/wp-content\/uploads\/2025\/08\/Hotel-Puerta-del-Mar-Logo-Negro-scaled.png\",\"contentUrl\":\"https:\/\/hotelpuertadelmar.es\/wp-content\/uploads\/2025\/08\/Hotel-Puerta-del-Mar-Logo-Negro-scaled.png\",\"width\":2560,\"height\":686,\"caption\":\"Hotel Puerta del Mar ***\"},\"image\":{\"@id\":\"https:\/\/hotelpuertadelmar.es\/es\/#\/schema\/logo\/image\/\"},\"sameAs\":[\"https:\/\/www.instagram.com\/pdmnerja\/\"]}]}<\/script>\n<!-- \/ Yoast SEO plugin. -->","yoast_head_json":{"title":"Especial Ofertas | Hotel Puerta del Mar *** | sitio web oficial | Nerja","description":"Descubre nuestras ofertas exclusivas en el Hotel Puerta del Mar. Eche un vistazo a nuestras promociones actuales y reserve directamente a trav\u00e9s de nuestro sitio web.","robots":{"index":"index","follow":"follow","max-snippet":"max-snippet:-1","max-image-preview":"max-image-preview:large","max-video-preview":"max-video-preview:-1"},"canonical":"https:\/\/hotelpuertadelmar.es\/es\/ofertas\/","og_locale":"es_ES","og_type":"article","og_title":"Especial Ofertas | Hotel Puerta del Mar *** | sitio web oficial | Nerja","og_description":"Descubre nuestras ofertas exclusivas en el Hotel Puerta del Mar. Eche un vistazo a nuestras promociones actuales y reserve directamente a trav\u00e9s de nuestro sitio web.","og_url":"https:\/\/hotelpuertadelmar.es\/es\/ofertas\/","og_site_name":"Hotel Puerta del Mar","article_modified_time":"2026-01-13T08:57:12+00:00","og_image":[{"width":1920,"height":1280,"url":"https:\/\/hotelpuertadelmar.es\/wp-content\/uploads\/2025\/08\/hotel-puerta-del-mar-piscina-y-bar.jpg","type":"image\/jpeg"}],"twitter_card":"summary_large_image","schema":{"@context":"https:\/\/schema.org","@graph":[{"@type":"WebPage","@id":"https:\/\/hotelpuertadelmar.es\/es\/ofertas\/","url":"https:\/\/hotelpuertadelmar.es\/es\/ofertas\/","name":"Especial Ofertas | Hotel Puerta del Mar *** | sitio web oficial | Nerja","isPartOf":{"@id":"https:\/\/hotelpuertadelmar.es\/es\/#website"},"primaryImageOfPage":{"@id":"https:\/\/hotelpuertadelmar.es\/es\/ofertas\/#primaryimage"},"image":{"@id":"https:\/\/hotelpuertadelmar.es\/es\/ofertas\/#primaryimage"},"thumbnailUrl":"https:\/\/hotelpuertadelmar.es\/wp-content\/uploads\/2025\/08\/hotel-puerta-del-mar-piscina-y-bar.jpg","datePublished":"2025-08-18T14:46:27+00:00","dateModified":"2026-01-13T08:57:12+00:00","description":"Descubre nuestras ofertas exclusivas en el Hotel Puerta del Mar. Eche un vistazo a nuestras promociones actuales y reserve directamente a trav\u00e9s de nuestro sitio web.","breadcrumb":{"@id":"https:\/\/hotelpuertadelmar.es\/es\/ofertas\/#breadcrumb"},"inLanguage":"es","potentialAction":[{"@type":"ReadAction","target":["https:\/\/hotelpuertadelmar.es\/es\/ofertas\/"]}]},{"@type":"ImageObject","inLanguage":"es","@id":"https:\/\/hotelpuertadelmar.es\/es\/ofertas\/#primaryimage","url":"https:\/\/hotelpuertadelmar.es\/wp-content\/uploads\/2025\/08\/hotel-puerta-del-mar-piscina-y-bar.jpg","contentUrl":"https:\/\/hotelpuertadelmar.es\/wp-content\/uploads\/2025\/08\/hotel-puerta-del-mar-piscina-y-bar.jpg","width":1920,"height":1280},{"@type":"BreadcrumbList","@id":"https:\/\/hotelpuertadelmar.es\/es\/ofertas\/#breadcrumb","itemListElement":[{"@type":"ListItem","position":1,"name":"Portada","item":"https:\/\/hotelpuertadelmar.es\/es\/"},{"@type":"ListItem","position":2,"name":"Ofertas"}]},{"@type":"WebSite","@id":"https:\/\/hotelpuertadelmar.es\/es\/#website","url":"https:\/\/hotelpuertadelmar.es\/es\/","name":"Hotel Puerta del Mar | Official Website","description":"Next to the Balc\u00f3n de Europa in Nerja","publisher":{"@id":"https:\/\/hotelpuertadelmar.es\/es\/#organization"},"alternateName":"Hotel next to the Balc\u00f3n de Europa in Nerja","potentialAction":[{"@type":"SearchAction","target":{"@type":"EntryPoint","urlTemplate":"https:\/\/hotelpuertadelmar.es\/es\/?s={search_term_string}"},"query-input":{"@type":"PropertyValueSpecification","valueRequired":true,"valueName":"search_term_string"}}],"inLanguage":"es"},{"@type":"Organization","@id":"https:\/\/hotelpuertadelmar.es\/es\/#organization","name":"Hotel Puerta del Mar ***","url":"https:\/\/hotelpuertadelmar.es\/es\/","logo":{"@type":"ImageObject","inLanguage":"es","@id":"https:\/\/hotelpuertadelmar.es\/es\/#\/schema\/logo\/image\/","url":"https:\/\/hotelpuertadelmar.es\/wp-content\/uploads\/2025\/08\/Hotel-Puerta-del-Mar-Logo-Negro-scaled.png","contentUrl":"https:\/\/hotelpuertadelmar.es\/wp-content\/uploads\/2025\/08\/Hotel-Puerta-del-Mar-Logo-Negro-scaled.png","width":2560,"height":686,"caption":"Hotel Puerta del Mar ***"},"image":{"@id":"https:\/\/hotelpuertadelmar.es\/es\/#\/schema\/logo\/image\/"},"sameAs":["https:\/\/www.instagram.com\/pdmnerja\/"]}]}},"_links":{"self":[{"href":"https:\/\/hotelpuertadelmar.es\/es\/wp-json\/wp\/v2\/pages\/774","targetHints":{"allow":["GET"]}}],"collection":[{"href":"https:\/\/hotelpuertadelmar.es\/es\/wp-json\/wp\/v2\/pages"}],"about":[{"href":"https:\/\/hotelpuertadelmar.es\/es\/wp-json\/wp\/v2\/types\/page"}],"author":[{"embeddable":true,"href":"https:\/\/hotelpuertadelmar.es\/es\/wp-json\/wp\/v2\/users\/1"}],"replies":[{"embeddable":true,"href":"https:\/\/hotelpuertadelmar.es\/es\/wp-json\/wp\/v2\/comments?post=774"}],"version-history":[{"count":4,"href":"https:\/\/hotelpuertadelmar.es\/es\/wp-json\/wp\/v2\/pages\/774\/revisions"}],"predecessor-version":[{"id":922,"href":"https:\/\/hotelpuertadelmar.es\/es\/wp-json\/wp\/v2\/pages\/774\/revisions\/922"}],"wp:featuredmedia":[{"embeddable":true,"href":"https:\/\/hotelpuertadelmar.es\/es\/wp-json\/wp\/v2\/media\/670"}],"wp:attachment":[{"href":"https:\/\/hotelpuertadelmar.es\/es\/wp-json\/wp\/v2\/media?parent=774"}],"curies":[{"name":"wp","href":"https:\/\/api.w.org\/{rel}","templated":true}]}}